{"id":80,"date":"2024-07-31T10:55:08","date_gmt":"2024-07-31T10:55:08","guid":{"rendered":"https:\/\/urejenta.pl\/?page_id=80"},"modified":"2024-07-31T19:44:03","modified_gmt":"2024-07-31T18:44:03","slug":"kontakt","status":"publish","type":"page","link":"https:\/\/urejenta.pl\/?page_id=80","title":{"rendered":"Kontakt"},"content":{"rendered":"\n<div class=\"wp-block-group has-global-padding is-layout-constrained wp-container-core-group-is-layout-1 wp-block-group-is-layout-constrained\">\n<h1 class=\"wp-block-heading has-text-align-center has-x-large-font-size\">Tadeusz Celewicz<\/h1>\n\n\n\n<h2 class=\"wp-block-heading has-text-align-center\">Notariusz<\/h2>\n\n\n\n<div style=\"height:30px\" aria-hidden=\"true\" class=\"wp-block-spacer\"><\/div>\n\n\n\n<p class=\"has-text-align-center has-large-font-size\"><strong>przyjmuje interesant\u00f3w<br>od poniedzia\u0142ku do pi\u0105tku<br>w godzinach od 9 do 17<\/strong><\/p>\n\n\n\n<p class=\"has-text-align-center has-small-font-size\">mo\u017cliwe inne terminy<br>indywidualnie uzgodnione<\/p>\n\n\n\n<div style=\"height:30px\" aria-hidden=\"true\" class=\"wp-block-spacer\"><\/div>\n\n\n\n<p class=\"has-text-align-center has-medium-font-size\"><a href=\"tel:+48126237030\" data-type=\"tel\" data-id=\"tel:+48126237030\">tel.12 623 70 30<\/a> <a href=\"mailto:tadeusz.celewicz@kin.pl\" data-type=\"mailto\" data-id=\"mailto:tadeusz.celewicz@kin.pl\">email:tadeusz.celewicz@kin.pl<\/a><\/p>\n\n\n\n<div style=\"height:30px\" aria-hidden=\"true\" class=\"wp-block-spacer\"><\/div>\n\n\n\n<pre class=\"wp-block-code\"><code><strong>Dane do przelewu:<\/strong>\nKancelaria Notarialna Tadeusz Celewicz\nNIP: 734 299 74 25\n32-020 Wieliczka, ul.Batorego 9\/2\nnr rachunku bankowego: 84 1050 1722 1000 0090 7092 6077<\/code><\/pre>\n\n\n\n<div style=\"height:30px\" aria-hidden=\"true\" class=\"wp-block-spacer\"><\/div>\n\n\n\n<div style=\"height:36px\" aria-hidden=\"true\" class=\"wp-block-spacer\"><\/div>\n<\/div>\n\n\n\n<div class=\"wp-block-cover\" style=\"min-height:490px;aspect-ratio:unset;\"><span aria-hidden=\"true\" class=\"wp-block-cover__background has-background-dim\" style=\"background-color:#67594b\"><\/span><img loading=\"lazy\" decoding=\"async\" width=\"4096\" height=\"4096\" class=\"wp-block-cover__image-background wp-image-19\" alt=\"\" src=\"https:\/\/urejenta.pl\/wp-content\/uploads\/2024\/07\/198882149_l_normal_none.png\" data-object-fit=\"cover\" srcset=\"https:\/\/urejenta.pl\/wp-content\/uploads\/2024\/07\/198882149_l_normal_none.png 4096w, https:\/\/urejenta.pl\/wp-content\/uploads\/2024\/07\/198882149_l_normal_none-300x300.png 300w, https:\/\/urejenta.pl\/wp-content\/uploads\/2024\/07\/198882149_l_normal_none-1024x1024.png 1024w, https:\/\/urejenta.pl\/wp-content\/uploads\/2024\/07\/198882149_l_normal_none-150x150.png 150w, https:\/\/urejenta.pl\/wp-content\/uploads\/2024\/07\/198882149_l_normal_none-768x768.png 768w, https:\/\/urejenta.pl\/wp-content\/uploads\/2024\/07\/198882149_l_normal_none-1536x1536.png 1536w, https:\/\/urejenta.pl\/wp-content\/uploads\/2024\/07\/198882149_l_normal_none-2048x2048.png 2048w\" sizes=\"(max-width: 4096px) 100vw, 4096px\" \/><div class=\"wp-block-cover__inner-container is-layout-flow wp-block-cover-is-layout-flow\">\n<div class=\"wp-block-group is-layout-flow wp-block-group-is-layout-flow\">\n<iframe src=\"https:\/\/www.google.com\/maps\/embed?pb=!1m14!1m8!1m3!1d320.69726374886824!2d20.061960000000003!3d49.98177!3m2!1i1024!2i768!4f13.1!3m3!1m2!1s0x47164162d8cc20ef%3A0x3f5801abe981e90b!2sCELEWICZ%20TADEUSZ%20NOTARIUSZ%20-%20KANCELARIA%20NOTARIALNA!5e0!3m2!1spl!2spl!4v1722422061547!5m2!1spl!2spl\" width=\"600\" height=\"450\" style=\"border:0;\" allowfullscreen=\"\" loading=\"lazy\" referrerpolicy=\"no-referrer-when-downgrade\"><\/iframe>\n<\/div>\n<\/div><\/div>\n\n\n\n<div class=\"wp-block-group alignfull has-global-padding is-layout-constrained wp-container-core-group-is-layout-3 wp-block-group-is-layout-constrained\" style=\"padding-top:var(--wp--preset--spacing--50);padding-right:var(--wp--preset--spacing--50);padding-bottom:var(--wp--preset--spacing--50);padding-left:var(--wp--preset--spacing--50)\"><\/div>\n","protected":false},"excerpt":{"rendered":"<p>Tadeusz Celewicz Notariusz przyjmuje interesant\u00f3wod poniedzia\u0142ku do pi\u0105tkuw godzinach od 9 do 17 mo\u017cliwe inne terminyindywidualnie uzgodnione tel.12 623 70 30 email:tadeusz.celewicz@kin.pl<\/p>\n","protected":false},"author":1,"featured_media":0,"parent":0,"menu_order":0,"comment_status":"closed","ping_status":"closed","template":"","meta":{"footnotes":""},"class_list":["post-80","page","type-page","status-publish","hentry"],"_links":{"self":[{"href":"https:\/\/urejenta.pl\/index.php?rest_route=\/wp\/v2\/pages\/80"}],"collection":[{"href":"https:\/\/urejenta.pl\/index.php?rest_route=\/wp\/v2\/pages"}],"about":[{"href":"https:\/\/urejenta.pl\/index.php?rest_route=\/wp\/v2\/types\/page"}],"author":[{"embeddable":true,"href":"https:\/\/urejenta.pl\/index.php?rest_route=\/wp\/v2\/users\/1"}],"replies":[{"embeddable":true,"href":"https:\/\/urejenta.pl\/index.php?rest_route=%2Fwp%2Fv2%2Fcomments&post=80"}],"version-history":[{"count":28,"href":"https:\/\/urejenta.pl\/index.php?rest_route=\/wp\/v2\/pages\/80\/revisions"}],"predecessor-version":[{"id":134,"href":"https:\/\/urejenta.pl\/index.php?rest_route=\/wp\/v2\/pages\/80\/revisions\/134"}],"wp:attachment":[{"href":"https:\/\/urejenta.pl\/index.php?rest_route=%2Fwp%2Fv2%2Fmedia&parent=80"}],"curies":[{"name":"wp","href":"https:\/\/api.w.org\/{rel}","templated":true}]}}